{"id":31,"date":"2020-10-26T14:27:22","date_gmt":"2020-10-26T13:27:22","guid":{"rendered":"http:\/\/laurenceseghin.com\/?page_id=31"},"modified":"2021-05-26T10:23:43","modified_gmt":"2021-05-26T08:23:43","slug":"inspirer","status":"publish","type":"page","link":"https:\/\/laurenceseghin.com\/index.php\/inspirer\/","title":{"rendered":"Inspirer"},"content":{"rendered":"<p>[et_pb_section fb_built=\u00a0\u00bb1&Prime; fullwidth=\u00a0\u00bbon\u00a0\u00bb admin_label=\u00a0\u00bbPage Header\u00a0\u00bb _builder_version=\u00a0\u00bb4.4.7&Prime; background_image=\u00a0\u00bbhttp:\/\/laurenceseghin.com\/wp-content\/uploads\/2021\/04\/banner-inspirer-Laurence-Seghin.jpg\u00a0\u00bb parallax=\u00a0\u00bbon\u00a0\u00bb locked=\u00a0\u00bboff\u00a0\u00bb][et_pb_fullwidth_header title=\u00a0\u00bbInspirer\u00a0\u00bb text_orientation=\u00a0\u00bbcenter\u00a0\u00bb admin_label=\u00a0\u00bbHero Section\u00a0\u00bb _builder_version=\u00a0\u00bb4.4.7&Prime; title_font=\u00a0\u00bbMontserrat|on|||\u00a0\u00bb title_font_size=\u00a0\u00bb60px\u00a0\u00bb title_line_height=\u00a0\u00bb1.4em\u00a0\u00bb content_font_size=\u00a0\u00bb22px\u00a0\u00bb content_line_height=\u00a0\u00bb1.8em\u00a0\u00bb subhead_font=\u00a0\u00bb||||\u00a0\u00bb background_color=\u00a0\u00bbrgba(255, 255, 255, 0)\u00a0\u00bb use_background_color_gradient=\u00a0\u00bbon\u00a0\u00bb background_color_gradient_start=\u00a0\u00bbrgba(243,155,40,0.8)\u00a0\u00bb background_color_gradient_end=\u00a0\u00bbrgba(243,155,40,0.3)\u00a0\u00bb custom_button_one=\u00a0\u00bbon\u00a0\u00bb button_one_text_size=\u00a0\u00bb16px\u00a0\u00bb button_one_bg_color=\u00a0\u00bb#6eba01&Prime; button_one_border_width=\u00a0\u00bb2px\u00a0\u00bb button_one_border_color=\u00a0\u00bb#6eba01&Prime; button_one_border_radius=\u00a0\u00bb0&Prime; button_one_letter_spacing=\u00a0\u00bb2&Prime; button_one_font=\u00a0\u00bbMontserrat|||on|\u00a0\u00bb button_one_use_icon=\u00a0\u00bboff\u00a0\u00bb custom_button_two=\u00a0\u00bbon\u00a0\u00bb button_two_text_size=\u00a0\u00bb16px\u00a0\u00bb button_two_border_width=\u00a0\u00bb2px\u00a0\u00bb button_two_border_color=\u00a0\u00bb#ffffff\u00a0\u00bb button_two_border_radius=\u00a0\u00bb0&Prime; button_two_letter_spacing=\u00a0\u00bb2&Prime; button_two_font=\u00a0\u00bbMontserrat|||on|\u00a0\u00bb button_two_use_icon=\u00a0\u00bboff\u00a0\u00bb module_alignment=\u00a0\u00bbleft\u00a0\u00bb animation_style=\u00a0\u00bbfade\u00a0\u00bb button_one_text_color_hover=\u00a0\u00bb#6eba01&Prime; button_two_text_color_hover=\u00a0\u00bb#6eba01&Prime; button_one_border_color_hover=\u00a0\u00bb#ffffff\u00a0\u00bb button_two_border_color_hover=\u00a0\u00bb#ffffff\u00a0\u00bb button_one_border_radius_hover=\u00a0\u00bb0&Prime; button_two_border_radius_hover=\u00a0\u00bb0&Prime; button_one_letter_spacing_hover=\u00a0\u00bb2&Prime; button_two_letter_spacing_hover=\u00a0\u00bb2&Prime; button_one_bg_color_hover=\u00a0\u00bb#ffffff\u00a0\u00bb button_two_bg_color_hover=\u00a0\u00bb#ffffff\u00a0\u00bb button_one_text_size__hover_enabled=\u00a0\u00bboff\u00a0\u00bb button_two_text_size__hover_enabled=\u00a0\u00bboff\u00a0\u00bb button_one_text_color__hover_enabled=\u00a0\u00bbon\u00a0\u00bb button_one_text_color__hover=\u00a0\u00bb#6eba01&Prime; button_two_text_color__hover_enabled=\u00a0\u00bbon\u00a0\u00bb button_two_text_color__hover=\u00a0\u00bb#6eba01&Prime; button_one_border_width__hover_enabled=\u00a0\u00bboff\u00a0\u00bb button_two_border_width__hover_enabled=\u00a0\u00bboff\u00a0\u00bb button_one_border_color__hover_enabled=\u00a0\u00bbon\u00a0\u00bb button_one_border_color__hover=\u00a0\u00bb#ffffff\u00a0\u00bb button_two_border_color__hover_enabled=\u00a0\u00bbon\u00a0\u00bb button_two_border_color__hover=\u00a0\u00bb#ffffff\u00a0\u00bb button_one_border_radius__hover_enabled=\u00a0\u00bbon\u00a0\u00bb button_one_border_radius__hover=\u00a0\u00bb0&Prime; button_two_border_radius__hover_enabled=\u00a0\u00bbon\u00a0\u00bb button_two_border_radius__hover=\u00a0\u00bb0&Prime; button_one_letter_spacing__hover_enabled=\u00a0\u00bbon\u00a0\u00bb button_one_letter_spacing__hover=\u00a0\u00bb2&Prime; button_two_letter_spacing__hover_enabled=\u00a0\u00bbon\u00a0\u00bb button_two_letter_spacing__hover=\u00a0\u00bb2&Prime; button_one_bg_color__hover_enabled=\u00a0\u00bbon\u00a0\u00bb button_one_bg_color__hover=\u00a0\u00bb#ffffff\u00a0\u00bb button_two_bg_color__hover_enabled=\u00a0\u00bbon\u00a0\u00bb button_two_bg_color__hover=\u00a0\u00bb#ffffff\u00a0\u00bb][\/et_pb_fullwidth_header][\/et_pb_section][et_pb_section fb_built=\u00a0\u00bb1&Prime; _builder_version=\u00a0\u00bb4.4.7&Prime;][et_pb_row _builder_version=\u00a0\u00bb4.4.7&Prime;][et_pb_column type=\u00a0\u00bb4_4&Prime; _builder_version=\u00a0\u00bb4.4.7&Prime;][et_pb_text _builder_version=\u00a0\u00bb4.4.7&Prime; text_orientation=\u00a0\u00bbcenter\u00a0\u00bb custom_margin=\u00a0\u00bb|150px||150px|false|false\u00a0\u00bb custom_margin_tablet=\u00a0\u00bb\u00a0\u00bb custom_margin_phone=\u00a0\u00bb|0px||0px|false|false\u00a0\u00bb custom_margin_last_edited=\u00a0\u00bbon|phone\u00a0\u00bb hover_enabled=\u00a0\u00bb0&Prime;]<\/p>\n<p><span style=\"font-size: medium;\">Pendant longtemps, j\u2019ai compartiment\u00e9 les pans de ma vie : en journ\u00e9e, le boulot et en soir\u00e9e, les passions. Avec l\u2019enthousiasme comme d\u00e9nominateur commun. Aujourd\u2019hui, tout est imbriqu\u00e9 et cela me ressemble tellement plus.<\/span><\/p>\n<p><span style=\"font-size: medium;\"><\/span><\/p>\n<h3>Vous trouverez ici de quoi titiller<br \/> votre cr\u00e9ativit\u00e9, nourrir votre r\u00e9flexion,<br \/> soutenir votre d\u00e9marche.<\/h3>\n<p>[\/et_pb_text][\/et_pb_column][\/et_pb_row][et_pb_row column_structure=\u00a0\u00bb1_2,1_2&Prime; _builder_version=\u00a0\u00bb4.4.7&Prime;][et_pb_column type=\u00a0\u00bb1_2&Prime; _builder_version=\u00a0\u00bb4.4.7&Prime;][et_pb_image src=\u00a0\u00bbhttp:\/\/laurenceseghin.com\/wp-content\/uploads\/2021\/04\/Les-COM-ferences.png\u00a0\u00bb alt=\u00a0\u00bbLes COM&rsquo;f\u00e9rences\u00a0\u00bb title_text=\u00a0\u00bbLes-COM-ferences\u00a0\u00bb _builder_version=\u00a0\u00bb4.4.7&Prime;][\/et_pb_image][et_pb_text _builder_version=\u00a0\u00bb4.4.7&Prime; text_orientation=\u00a0\u00bbcenter\u00a0\u00bb hover_enabled=\u00a0\u00bb0&Prime;]<\/p>\n<h3>Les COM&rsquo;f\u00e9rences<\/h3>\n<p style=\"text-align: center;\"><span style=\"font-size: medium;\">Conf\u00e9rences et spectacles sur le th\u00e8me de la communication pour sensibiliser, r\u00e9fl\u00e9chir, apprendre et ancrer les apprentissages en s\u2019amusant.<\/span><\/p>\n<p>[\/et_pb_text][et_pb_button button_url=\u00a0\u00bb@ET-DC@eyJkeW5hbWljIjp0cnVlLCJjb250ZW50IjoicG9zdF9saW5rX3VybF9wYWdlIiwic2V0dGluZ3MiOnsicG9zdF9pZCI6IjQzIn19@\u00a0\u00bb button_text=\u00a0\u00bbEn savoir plus\u00a0\u00bb button_alignment=\u00a0\u00bbcenter\u00a0\u00bb _builder_version=\u00a0\u00bb4.4.7&Prime; _dynamic_attributes=\u00a0\u00bbbutton_url\u00a0\u00bb hover_enabled=\u00a0\u00bb0&Prime;][\/et_pb_button][\/et_pb_column][et_pb_column type=\u00a0\u00bb1_2&Prime; _builder_version=\u00a0\u00bb4.4.7&Prime;][et_pb_image src=\u00a0\u00bbhttp:\/\/laurenceseghin.com\/wp-content\/uploads\/2021\/04\/Les-aventuriers-du-changement.jpg\u00a0\u00bb alt=\u00a0\u00bbLes aventuriers du changement\u00a0\u00bb title_text=\u00a0\u00bbLes-aventuriers-du-changement\u00a0\u00bb _builder_version=\u00a0\u00bb4.4.7&Prime; hover_enabled=\u00a0\u00bb0&Prime;][\/et_pb_image][et_pb_text _builder_version=\u00a0\u00bb4.4.7&Prime; text_orientation=\u00a0\u00bbcenter\u00a0\u00bb]<\/p>\n<h3>Les aventuriers du changement<\/h3>\n<p style=\"text-align: center;\"><span style=\"font-size: medium;\">Le podcast de ceux qui souhaitent transformer leur organisation tout en (re)mettant le bon sens, l\u2019humain et les relations au centre des pr\u00e9occupations.<\/span><\/p>\n<p>[\/et_pb_text][et_pb_button button_url=\u00a0\u00bb@ET-DC@eyJkeW5hbWljIjp0cnVlLCJjb250ZW50IjoicG9zdF9saW5rX3VybF9wYWdlIiwic2V0dGluZ3MiOnsicG9zdF9pZCI6IjQzIn19@\u00a0\u00bb button_text=\u00a0\u00bbEn savoir plus\u00a0\u00bb button_alignment=\u00a0\u00bbcenter\u00a0\u00bb _builder_version=\u00a0\u00bb4.4.7&Prime; _dynamic_attributes=\u00a0\u00bbbutton_url\u00a0\u00bb][\/et_pb_button][\/et_pb_column][\/et_pb_row][\/et_pb_section][et_pb_section fb_built=\u00a0\u00bb1&Prime; _builder_version=\u00a0\u00bb4.4.7&Prime; background_color=\u00a0\u00bb#8b4893&Prime; custom_padding=\u00a0\u00bb70px|||||\u00a0\u00bb global_module=\u00a0\u00bb374&Prime; saved_tabs=\u00a0\u00bball\u00a0\u00bb][et_pb_row column_structure=\u00a0\u00bb1_2,1_2&Prime; _builder_version=\u00a0\u00bb4.4.7&Prime; custom_padding=\u00a0\u00bb||5px|||\u00a0\u00bb animation_style=\u00a0\u00bbslide\u00a0\u00bb animation_direction=\u00a0\u00bbbottom\u00a0\u00bb animation_delay=\u00a0\u00bb350ms\u00a0\u00bb animation_intensity_slide=\u00a0\u00bb6%\u00a0\u00bb animation_starting_opacity=\u00a0\u00bb30%\u00a0\u00bb][et_pb_column type=\u00a0\u00bb1_2&Prime; _builder_version=\u00a0\u00bb4.4.7&Prime; background_color=\u00a0\u00bbrgba(0,0,0,0)\u00a0\u00bb][et_pb_slider _builder_version=\u00a0\u00bb4.4.7&Prime;][et_pb_slide heading=\u00a0\u00bbT\u00e9moignages\u00a0\u00bb _builder_version=\u00a0\u00bb4.4.7&Prime; background_color=\u00a0\u00bbrgba(255,255,255,0.2)\u00a0\u00bb background_enable_color=\u00a0\u00bbon\u00a0\u00bb]<\/p>\n<div class=\"et_pb_testimonial_description_inner\">\n<div class=\"et_pb_testimonial_content\">\n<div data-shortcode-id=\"4.0.0.0-1603801500123\" data-quickaccess-editable=\"yes\" class=\"et-fb-popover-tinymce\">\n<div class=\"mce-content-body\" contenteditable=\"false\">\n<p><span>D\u00e9termination, courage et un relationnel \u00e0 toutes \u00e9preuves ont permis \u00e0 Laurence de faire de sa mission temporaire en tant que HRBP pour les magasins Delhaize, un vrai succ\u00e8s. Et quand on sait que la mission a eu lieu durant la vague 1 Covid, on peut parler d\u2019un exploit! MERCI Laurence!<\/span><\/p>\n<\/div>\n<\/div>\n<\/div>\n<p><strong class=\"et_pb_testimonial_author et-fb-editable-element et-fb-editable-element__editing\" data-shortcode-id=\"4.0.0.0-1603800061600\" data-quickaccess-id=\"author\" data-quickaccess-order=\"1\" contenteditable=\"true\">Fran\u00e7oise Morbois<\/strong> HR Zone South \u2022 Delhaize Belgium<\/p>\n<\/div>\n<p>[\/et_pb_slide][et_pb_slide heading=\u00a0\u00bbT\u00e9moignages\u00a0\u00bb _builder_version=\u00a0\u00bb4.4.7&Prime; background_color=\u00a0\u00bbrgba(255,255,255,0.2)\u00a0\u00bb background_enable_color=\u00a0\u00bbon\u00a0\u00bb]<\/p>\n<div class=\"et_pb_testimonial_description_inner\">\n<div class=\"et_pb_testimonial_content\">\n<div data-shortcode-id=\"4.0.0.0-1603801500123\" data-quickaccess-editable=\"yes\" class=\"et-fb-popover-tinymce\">\n<div class=\"mce-content-body\" contenteditable=\"false\">\n<p><span>J&rsquo;ai eu la chance d&rsquo;assister \u00e0 une conf\u00e9rence inoubliable de Laurence \u00e0 propos de l&rsquo;innovation manag\u00e9riale, et on peut dire que celle-ci a litt\u00e9ralement balay\u00e9 mes certitudes! Son dynamisme mais surtout son exp\u00e9rience et son expertise en gestion du changement vous obligent \u00e0 entrer dans une nouvelle \u00e8re, celle de l&rsquo;innovation! Laurence vous aidera \u00e0 gagner en efficacit\u00e9 et \u00e0 am\u00e9liorer votre performance pour atteindre des r\u00e9sultats insoup\u00e7onn\u00e9s&#8230;<br \/>\nJe vous recommande donc vivement de faire confiance \u00e0 Laurence pour conduire le changement dans votre entreprise!<br \/>\n<\/span><\/p>\n<\/div>\n<\/div>\n<\/div>\n<p><strong class=\"et_pb_testimonial_author et-fb-editable-element et-fb-editable-element__editing\" data-shortcode-id=\"4.0.0.0-1603800061600\" data-quickaccess-id=\"author\" data-quickaccess-order=\"1\" contenteditable=\"true\">Marc-Alexandre Legrain<\/strong> Fondateur &#038; Directeur \u2022 Management Academy TV <\/p>\n<\/div>\n<p>[\/et_pb_slide][et_pb_slide heading=\u00a0\u00bbT\u00e9moignages\u00a0\u00bb _builder_version=\u00a0\u00bb4.4.7&Prime; background_color=\u00a0\u00bbrgba(255,255,255,0.2)\u00a0\u00bb background_enable_color=\u00a0\u00bbon\u00a0\u00bb]<\/p>\n<div class=\"et_pb_testimonial_description_inner\">\n<div class=\"et_pb_testimonial_content\">\n<div data-shortcode-id=\"4.0.0.0-1603801500123\" data-quickaccess-editable=\"yes\" class=\"et-fb-popover-tinymce\">\n<div class=\"mce-content-body\" contenteditable=\"false\">\n<p><span>Que ce soit au sein du r\u00e9seau des Audacieuses by f.a.r, qu\u2019elle a anim\u00e9 b\u00e9n\u00e9volement plusieurs ann\u00e9es, ou dans le cadre de ses activit\u00e9s de consultante et de formatrice, j\u2019ai pu appr\u00e9cier le talent et le professionnalisme de Laurence et, surtout, son engagement pour les causes qui lui tiennent \u00e0 c\u0153ur. G\u00e9rant avec efficience ses multiples activit\u00e9s, elle fait preuve d\u2019innovation et d\u2019un sens de l\u2019organisation sans faille. Franche, authentique, fid\u00e8le en amiti\u00e9, dynamique et enthousiaste, elle n\u2019a pas peur de \u00abbousculer le syst\u00e8me\u00bb quand c\u2019est n\u00e9cessaire. Cerise sur le g\u00e2teau: son sens de l\u2019humour et de l\u2019\u00e9coute, qualit\u00e9s primordiales quand, comme elle, on travaille \u00abavec de l\u2019humain\u00bb. Je ne peux que la recommander tr\u00e8s chaleureusement.<\/span><\/p>\n<\/div>\n<\/div>\n<\/div>\n<p><strong class=\"et_pb_testimonial_author et-fb-editable-element et-fb-editable-element__editing\" data-shortcode-id=\"4.0.0.0-1603800061600\" data-quickaccess-id=\"author\" data-quickaccess-order=\"1\" contenteditable=\"true\">Karin Toussaint<\/strong> Consultante et formatrice \u2022 Be the Boss!\n<\/p>\n<\/div>\n<p>[\/et_pb_slide][et_pb_slide heading=\u00a0\u00bbT\u00e9moignages\u00a0\u00bb _builder_version=\u00a0\u00bb4.4.7&Prime; background_color=\u00a0\u00bbrgba(255,255,255,0.2)\u00a0\u00bb background_enable_color=\u00a0\u00bbon\u00a0\u00bb]<\/p>\n<div class=\"et_pb_testimonial_description_inner\">\n<div class=\"et_pb_testimonial_content\">\n<div data-shortcode-id=\"4.0.0.0-1603801500123\" data-quickaccess-editable=\"yes\" class=\"et-fb-popover-tinymce\">\n<div class=\"mce-content-body\" contenteditable=\"false\">\n<p><span>Je vous recommande chaleureusement Laurence, une femme p\u00e9tillante, cr\u00e9ative, positive, une coach qui ose se remettre en question, afin d&rsquo;\u00e9voluer dans la profession et accompagner au mieux ses client(e)s.<br \/>\nElle a accompagn\u00e9 en tant que coach d&rsquo;\u00e9quipe un groupe de 6 participants durant une ann\u00e9e de formation au coaching avec professionnalisme.<br \/>\nToujours dans la bonne humeur, une tr\u00e8s belle relation et coop\u00e9ration avec l&rsquo;\u00e9quipe Coaching Ways!<br \/>\nMerci Laurence d&rsquo;\u00eatre qui tu es!<br \/>\n<\/span><\/p>\n<\/div>\n<\/div>\n<\/div>\n<p><strong class=\"et_pb_testimonial_author et-fb-editable-element et-fb-editable-element__editing\" data-shortcode-id=\"4.0.0.0-1603800061600\" data-quickaccess-id=\"author\" data-quickaccess-order=\"1\" contenteditable=\"true\">Isabelle Descamps<\/strong> Mentor Coach &#038; Directrice \u2022 Coaching Ways Belgique\n<\/p>\n<\/div>\n<p>[\/et_pb_slide][et_pb_slide heading=\u00a0\u00bbT\u00e9moignages\u00a0\u00bb _builder_version=\u00a0\u00bb4.4.7&Prime; background_color=\u00a0\u00bbrgba(255,255,255,0.2)\u00a0\u00bb background_enable_color=\u00a0\u00bbon\u00a0\u00bb]<\/p>\n<div class=\"et_pb_testimonial_description_inner\">\n<div class=\"et_pb_testimonial_content\">\n<div data-shortcode-id=\"4.0.0.0-1603801500123\" data-quickaccess-editable=\"yes\" class=\"et-fb-popover-tinymce\">\n<div class=\"mce-content-body\" contenteditable=\"false\">\n<p><span>Laurence est unique en son genre. Son sens du discernement est tr\u00e8s aiguis\u00e9 et lui permet d\u2019intervenir au bon moment, avec les bonnes personnes et de fa\u00e7on la plus ad\u00e9quate possible. Son franc parler juste aide \u00e0 ouvrir les dialogues dans des situations critiques. Ses aptitudes \u00e0 collaborer \u00e0 tous niveaux de la hi\u00e9rarchie \u00e9largissent son champ d\u2019intervention et la diffusion de ses bienfaits. A cela, si on ajoute sa ma\u00eetrise de pl\u00e9thore d\u2019outils et de m\u00e9thodes, elle devient un \u00e9l\u00e9ment incontournable dans un processus de transformation avec pour objectif la ma\u00eetrise du changement.<br \/>\n<\/span><\/p>\n<\/div>\n<\/div>\n<\/div>\n<p><strong class=\"et_pb_testimonial_author et-fb-editable-element et-fb-editable-element__editing\" data-shortcode-id=\"4.0.0.0-1603800061600\" data-quickaccess-id=\"author\" data-quickaccess-order=\"1\" contenteditable=\"true\">C\u00e9cile Hong<\/strong> Former Solution Deployment Lead \u2022 Caterpillar SA\n<\/p>\n<\/div>\n<p>[\/et_pb_slide][\/et_pb_slider][\/et_pb_column][et_pb_column type=\u00a0\u00bb1_2&Prime; _builder_version=\u00a0\u00bb4.4.7&Prime;][et_pb_text _builder_version=\u00a0\u00bb4.4.7&Prime;]<\/p>\n<p><span style=\"color: #ffffff;\">Envie de vous donner toutes les chances de r\u00e9ussir votre transformation en investissant dans l\u2019humain\u00a0? <\/span><\/p>\n<p><span style=\"color: #ffffff;\">C\u2019est le moment de me laisser un message\u00a0!<\/span><\/p>\n<p><span style=\"color: #ffffff; font-size: 14px;\">Vous ressentez un m\u00e9lange d\u2019appr\u00e9hension et d\u2019excitation au moment d\u2019appuyer sur\u00a0\u2018Je passe \u00e0 l\u2019action\u2019\u00a0?<\/span><\/p>\n<p><span style=\"color: #ffffff;\">C\u2019est l\u2019\u00e9nergie du changement qui se manifeste\u00a0\ud83d\ude09<\/span><\/p>\n<p>[\/et_pb_text][et_pb_contact_form email=\u00a0\u00bbcontact@laurenceseghin.com\u00a0\u00bb custom_message=\u00a0\u00bbCeci est un message du mini-formulaire de base de page :||et_pb_line_break_holder||%%Message%% de %%Name%% dont le mail est %%Email%%\u00a0\u00bb submit_button_text=\u00a0\u00bbJe passe \u00e0 l&rsquo;action\u00a0\u00bb _builder_version=\u00a0\u00bb4.4.7&Prime; form_field_background_color=\u00a0\u00bb#ffffff\u00a0\u00bb captcha_text_color=\u00a0\u00bb#ffffff\u00a0\u00bb custom_button=\u00a0\u00bbon\u00a0\u00bb button_border_color=\u00a0\u00bbrgba(0,0,0,0)\u00a0\u00bb][et_pb_contact_field field_id=\u00a0\u00bbName\u00a0\u00bb field_title=\u00a0\u00bbNom\u00a0\u00bb _builder_version=\u00a0\u00bb4.4.7&Prime; background_color=\u00a0\u00bbrgba(0,0,0,0)\u00a0\u00bb background_enable_color=\u00a0\u00bbon\u00a0\u00bb button_text_size__hover_enabled=\u00a0\u00bboff\u00a0\u00bb button_one_text_size__hover_enabled=\u00a0\u00bboff\u00a0\u00bb button_two_text_size__hover_enabled=\u00a0\u00bboff\u00a0\u00bb button_text_color__hover_enabled=\u00a0\u00bboff\u00a0\u00bb button_one_text_color__hover_enabled=\u00a0\u00bboff\u00a0\u00bb button_two_text_color__hover_enabled=\u00a0\u00bboff\u00a0\u00bb button_border_width__hover_enabled=\u00a0\u00bboff\u00a0\u00bb button_one_border_width__hover_enabled=\u00a0\u00bboff\u00a0\u00bb button_two_border_width__hover_enabled=\u00a0\u00bboff\u00a0\u00bb button_border_color__hover_enabled=\u00a0\u00bboff\u00a0\u00bb button_one_border_color__hover_enabled=\u00a0\u00bboff\u00a0\u00bb button_two_border_color__hover_enabled=\u00a0\u00bboff\u00a0\u00bb button_border_radius__hover_enabled=\u00a0\u00bboff\u00a0\u00bb button_one_border_radius__hover_enabled=\u00a0\u00bboff\u00a0\u00bb button_two_border_radius__hover_enabled=\u00a0\u00bboff\u00a0\u00bb button_letter_spacing__hover_enabled=\u00a0\u00bboff\u00a0\u00bb button_one_letter_spacing__hover_enabled=\u00a0\u00bboff\u00a0\u00bb button_two_letter_spacing__hover_enabled=\u00a0\u00bboff\u00a0\u00bb button_bg_color__hover_enabled=\u00a0\u00bboff\u00a0\u00bb button_one_bg_color__hover_enabled=\u00a0\u00bboff\u00a0\u00bb button_two_bg_color__hover_enabled=\u00a0\u00bboff\u00a0\u00bb][\/et_pb_contact_field][et_pb_contact_field field_id=\u00a0\u00bbEmail\u00a0\u00bb field_title=\u00a0\u00bbAdresse e-mail\u00a0\u00bb field_type=\u00a0\u00bbemail\u00a0\u00bb _builder_version=\u00a0\u00bb4.4.7&Prime; button_text_size__hover_enabled=\u00a0\u00bboff\u00a0\u00bb button_one_text_size__hover_enabled=\u00a0\u00bboff\u00a0\u00bb button_two_text_size__hover_enabled=\u00a0\u00bboff\u00a0\u00bb button_text_color__hover_enabled=\u00a0\u00bboff\u00a0\u00bb button_one_text_color__hover_enabled=\u00a0\u00bboff\u00a0\u00bb button_two_text_color__hover_enabled=\u00a0\u00bboff\u00a0\u00bb button_border_width__hover_enabled=\u00a0\u00bboff\u00a0\u00bb button_one_border_width__hover_enabled=\u00a0\u00bboff\u00a0\u00bb button_two_border_width__hover_enabled=\u00a0\u00bboff\u00a0\u00bb button_border_color__hover_enabled=\u00a0\u00bboff\u00a0\u00bb button_one_border_color__hover_enabled=\u00a0\u00bboff\u00a0\u00bb button_two_border_color__hover_enabled=\u00a0\u00bboff\u00a0\u00bb button_border_radius__hover_enabled=\u00a0\u00bboff\u00a0\u00bb button_one_border_radius__hover_enabled=\u00a0\u00bboff\u00a0\u00bb button_two_border_radius__hover_enabled=\u00a0\u00bboff\u00a0\u00bb button_letter_spacing__hover_enabled=\u00a0\u00bboff\u00a0\u00bb button_one_letter_spacing__hover_enabled=\u00a0\u00bboff\u00a0\u00bb button_two_letter_spacing__hover_enabled=\u00a0\u00bboff\u00a0\u00bb button_bg_color__hover_enabled=\u00a0\u00bboff\u00a0\u00bb button_one_bg_color__hover_enabled=\u00a0\u00bboff\u00a0\u00bb button_two_bg_color__hover_enabled=\u00a0\u00bboff\u00a0\u00bb][\/et_pb_contact_field][et_pb_contact_field field_id=\u00a0\u00bbMessage\u00a0\u00bb field_title=\u00a0\u00bbMessage\u00a0\u00bb field_type=\u00a0\u00bbtext\u00a0\u00bb fullwidth_field=\u00a0\u00bbon\u00a0\u00bb _builder_version=\u00a0\u00bb4.4.7&Prime; button_text_size__hover_enabled=\u00a0\u00bboff\u00a0\u00bb button_one_text_size__hover_enabled=\u00a0\u00bboff\u00a0\u00bb button_two_text_size__hover_enabled=\u00a0\u00bboff\u00a0\u00bb button_text_color__hover_enabled=\u00a0\u00bboff\u00a0\u00bb button_one_text_color__hover_enabled=\u00a0\u00bboff\u00a0\u00bb button_two_text_color__hover_enabled=\u00a0\u00bboff\u00a0\u00bb button_border_width__hover_enabled=\u00a0\u00bboff\u00a0\u00bb button_one_border_width__hover_enabled=\u00a0\u00bboff\u00a0\u00bb button_two_border_width__hover_enabled=\u00a0\u00bboff\u00a0\u00bb button_border_color__hover_enabled=\u00a0\u00bboff\u00a0\u00bb button_one_border_color__hover_enabled=\u00a0\u00bboff\u00a0\u00bb button_two_border_color__hover_enabled=\u00a0\u00bboff\u00a0\u00bb button_border_radius__hover_enabled=\u00a0\u00bboff\u00a0\u00bb button_one_border_radius__hover_enabled=\u00a0\u00bboff\u00a0\u00bb button_two_border_radius__hover_enabled=\u00a0\u00bboff\u00a0\u00bb button_letter_spacing__hover_enabled=\u00a0\u00bboff\u00a0\u00bb button_one_letter_spacing__hover_enabled=\u00a0\u00bboff\u00a0\u00bb button_two_letter_spacing__hover_enabled=\u00a0\u00bboff\u00a0\u00bb button_bg_color__hover_enabled=\u00a0\u00bboff\u00a0\u00bb button_one_bg_color__hover_enabled=\u00a0\u00bboff\u00a0\u00bb button_two_bg_color__hover_enabled=\u00a0\u00bboff\u00a0\u00bb][\/et_pb_contact_field][\/et_pb_contact_form][\/et_pb_column][\/et_pb_row][\/et_pb_section]<\/p>\n","protected":false},"excerpt":{"rendered":"<p>[et_pb_section fb_built=\u00a0\u00bb1&Prime; fullwidth=\u00a0\u00bbon\u00a0\u00bb admin_label=\u00a0\u00bbPage Header\u00a0\u00bb _builder_version=\u00a0\u00bb4.4.7&Prime; background_image=\u00a0\u00bbhttp:\/\/laurenceseghin.com\/wp-content\/uploads\/2021\/04\/banner-inspirer-Laurence-Seghin.jpg\u00a0\u00bb parallax=\u00a0\u00bbon\u00a0\u00bb locked=\u00a0\u00bboff\u00a0\u00bb][et_pb_fullwidth_header title=\u00a0\u00bbInspirer\u00a0\u00bb text_orientation=\u00a0\u00bbcenter\u00a0\u00bb admin_label=\u00a0\u00bbHero Section\u00a0\u00bb _builder_version=\u00a0\u00bb4.4.7&Prime; title_font=\u00a0\u00bbMontserrat|on|||\u00a0\u00bb title_font_size=\u00a0\u00bb60px\u00a0\u00bb title_line_height=\u00a0\u00bb1.4em\u00a0\u00bb content_font_size=\u00a0\u00bb22px\u00a0\u00bb content_line_height=\u00a0\u00bb1.8em\u00a0\u00bb subhead_font=\u00a0\u00bb||||\u00a0\u00bb background_color=\u00a0\u00bbrgba(255, 255, 255, 0)\u00a0\u00bb use_background_color_gradient=\u00a0\u00bbon\u00a0\u00bb background_color_gradient_start=\u00a0\u00bbrgba(243,155,40,0.8)\u00a0\u00bb background_color_gradient_end=\u00a0\u00bbrgba(243,155,40,0.3)\u00a0\u00bb custom_button_one=\u00a0\u00bbon\u00a0\u00bb button_one_text_size=\u00a0\u00bb16px\u00a0\u00bb button_one_bg_color=\u00a0\u00bb#6eba01&Prime; button_one_border_width=\u00a0\u00bb2px\u00a0\u00bb button_one_border_color=\u00a0\u00bb#6eba01&Prime; button_one_border_radius=\u00a0\u00bb0&Prime; button_one_letter_spacing=\u00a0\u00bb2&Prime; button_one_font=\u00a0\u00bbMontserrat|||on|\u00a0\u00bb button_one_use_icon=\u00a0\u00bboff\u00a0\u00bb custom_button_two=\u00a0\u00bbon\u00a0\u00bb button_two_text_size=\u00a0\u00bb16px\u00a0\u00bb button_two_border_width=\u00a0\u00bb2px\u00a0\u00bb button_two_border_color=\u00a0\u00bb#ffffff\u00a0\u00bb button_two_border_radius=\u00a0\u00bb0&Prime; button_two_letter_spacing=\u00a0\u00bb2&Prime; button_two_font=\u00a0\u00bbMontserrat|||on|\u00a0\u00bb button_two_use_icon=\u00a0\u00bboff\u00a0\u00bb module_alignment=\u00a0\u00bbleft\u00a0\u00bb animation_style=\u00a0\u00bbfade\u00a0\u00bb button_one_text_color_hover=\u00a0\u00bb#6eba01&Prime; button_two_text_color_hover=\u00a0\u00bb#6eba01&Prime; button_one_border_color_hover=\u00a0\u00bb#ffffff\u00a0\u00bb button_two_border_color_hover=\u00a0\u00bb#ffffff\u00a0\u00bb button_one_border_radius_hover=\u00a0\u00bb0&Prime; button_two_border_radius_hover=\u00a0\u00bb0&Prime; button_one_letter_spacing_hover=\u00a0\u00bb2&Prime; button_two_letter_spacing_hover=\u00a0\u00bb2&Prime; button_one_bg_color_hover=\u00a0\u00bb#ffffff\u00a0\u00bb [&hellip;]<\/p>\n","protected":false},"author":1,"featured_media":0,"parent":0,"menu_order":0,"comment_status":"closed","ping_status":"closed","template":"","meta":{"_et_pb_use_builder":"on","_et_pb_old_content":"","_et_gb_content_width":""},"_links":{"self":[{"href":"https:\/\/laurenceseghin.com\/index.php\/wp-json\/wp\/v2\/pages\/31"}],"collection":[{"href":"https:\/\/laurenceseghin.com\/index.php\/wp-json\/wp\/v2\/pages"}],"about":[{"href":"https:\/\/laurenceseghin.com\/index.php\/wp-json\/wp\/v2\/types\/page"}],"author":[{"embeddable":true,"href":"https:\/\/laurenceseghin.com\/index.php\/wp-json\/wp\/v2\/users\/1"}],"replies":[{"embeddable":true,"href":"https:\/\/laurenceseghin.com\/index.php\/wp-json\/wp\/v2\/comments?post=31"}],"version-history":[{"count":6,"href":"https:\/\/laurenceseghin.com\/index.php\/wp-json\/wp\/v2\/pages\/31\/revisions"}],"predecessor-version":[{"id":856,"href":"https:\/\/laurenceseghin.com\/index.php\/wp-json\/wp\/v2\/pages\/31\/revisions\/856"}],"wp:attachment":[{"href":"https:\/\/laurenceseghin.com\/index.php\/wp-json\/wp\/v2\/media?parent=31"}],"curies":[{"name":"wp","href":"https:\/\/api.w.org\/{rel}","templated":true}]}}